{"id":151,"date":"2018-11-20T11:38:22","date_gmt":"2018-11-20T10:38:22","guid":{"rendered":"https:\/\/phurolnik.pl\/index.php\/agregat-uprawowo-siewny-talerzowy-grano-2\/"},"modified":"2018-12-12T11:48:08","modified_gmt":"2018-12-12T10:48:08","slug":"agregat-uprawowo-siewny-talerzowy-grano-2","status":"publish","type":"page","link":"https:\/\/phurolnik.pl\/index.php\/agregat-uprawowo-siewny-talerzowy-grano-2\/","title":{"rendered":"AGREGAT UPRAWOWO-SIEWNY TALERZOWY GRANO"},"content":{"rendered":"<p>[et_pb_section fb_built=&#8221;1&#8243; admin_label=&#8221;Hero&#8221; _builder_version=&#8221;3.17.2&#8243; use_background_color_gradient=&#8221;on&#8221; background_color_gradient_start=&#8221;rgba(40,40,40,0.79)&#8221; background_color_gradient_end=&#8221;rgba(40,40,40,0.86)&#8221; background_color_gradient_type=&#8221;radial&#8221; background_color_gradient_direction_radial=&#8221;top left&#8221; background_color_gradient_overlays_image=&#8221;on&#8221; background_image=&#8221;https:\/\/phurolnik.pl\/wp-content\/uploads\/2018\/11\/dsc_3828.jpg&#8221; background_position=&#8221;bottom_center&#8221; custom_margin=&#8221;||||false&#8221; custom_padding=&#8221;0||0||true|false&#8221;][et_pb_row _builder_version=&#8221;3.9&#8243;][et_pb_column type=&#8221;2_3&#8243; _builder_version=&#8221;3.0.47&#8243; parallax=&#8221;off&#8221; parallax_method=&#8221;on&#8221;][et_pb_text _builder_version=&#8221;3.17.2&#8243; text_font_size_last_edited=&#8221;off|desktop&#8221; header_font=&#8221;Rubik|700|||||||&#8221; header_font_size=&#8221;64px&#8221; header_font_size_tablet=&#8221;44px&#8221; header_font_size_phone=&#8221;32px&#8221; header_font_size_last_edited=&#8221;on|phone&#8221; header_line_height=&#8221;1.1em&#8221; border_color_all=&#8221;#609b17&#8243; border_width_left=&#8221;10px&#8221; background_layout=&#8221;dark&#8221; max_width=&#8221;800px&#8221; custom_margin=&#8221;||0px|&#8221; custom_padding=&#8221;|||16px&#8221;]<\/p>\n<h1>AGREGAT UPRAWOWO-SIEWNY TALERZOWY GRANO<\/h1>\n<p>[\/et_pb_text][\/et_pb_column][et_pb_column type=&#8221;1_3&#8243; _builder_version=&#8221;3.0.47&#8243; parallax=&#8221;off&#8221; parallax_method=&#8221;on&#8221;][\/et_pb_column][\/et_pb_row][\/et_pb_section][et_pb_section fb_built=&#8221;1&#8243; admin_label=&#8221;About Us&#8221; _builder_version=&#8221;3.9&#8243; custom_padding=&#8221;16px|0px|54px|0px|false|false&#8221;][et_pb_row custom_padding=&#8221;0|0px|27px|0px|false|false&#8221; _builder_version=&#8221;3.17.2&#8243;][et_pb_column type=&#8221;1_2&#8243; _builder_version=&#8221;3.0.47&#8243; parallax=&#8221;off&#8221; parallax_method=&#8221;on&#8221;][et_pb_text _builder_version=&#8221;3.17.2&#8243;]Agregat uprawowo-siewny talerzowy Grano System SHARK 3,0<br \/>\nAgregat talerzowy s\u0142u\u017cy do spulchniania i kruszenia gleby; mo\u017cna nim wykonywa\u0107 podorywk\u0119 \u015bciernisk. Znajduje r\u00f3wnie\u017c zastosowanie przy mieszaniu nawoz\u00f3w mineralnych i resztek ro\u015blinnych z gleb\u0105. Maszyna wyst\u0119puje w dw\u00f3ch szeroko\u015bciach roboczych.<br \/>\nNarz\u0119dzia robocze agregatu talerzowego SHARK &#8211; talerze posiadaj\u0105 zabezpieczenie przeci\u0105\u017ceniowe w postaci amortyzator\u00f3w gumowych, dzi\u0119ki czemu wykazuj\u0105 wi\u0119ksz\u0105 trwa\u0142o\u015b\u0107 i s\u0105 mniej podatne na uszkodzenia podczas pracy, zw\u0142aszcza na glebach zakamienionych.<\/p>\n<p>Szeroko\u015b\u0107: 3,0 m<br \/>\nDwa rz\u0119dy talerzy \u00f8 560 mm<br \/>\nLiczba talerzy 24<br \/>\nWa\u0142 rurowy<br \/>\nEkrany boczne<br \/>\nMoc 90-130 KM<br \/>\nWydajno\u015b\u0107 efektywna 2,0-3,5 ha\/h<br \/>\n[\/et_pb_text][\/et_pb_column][et_pb_column type=&#8221;1_2&#8243; _builder_version=&#8221;3.0.47&#8243; parallax=&#8221;off&#8221; parallax_method=&#8221;on&#8221;][et_pb_image src=&#8221;https:\/\/phurolnik.pl\/wp-content\/uploads\/2018\/11\/Agregat-uprawowo-siewny-talerzowy-Grano-1.jpg&#8221; show_in_lightbox=&#8221;on&#8221; align=&#8221;center&#8221; _builder_version=&#8221;3.17.2&#8243; box_shadow_style=&#8221;preset2&#8243;][\/et_pb_image][et_pb_button button_url=&#8221;http:\/\/phurolnik.pl\/index.php\/oferta\/&#8221; button_text=&#8221;POWR\u00d3T DO OFERTY&#8221; button_alignment=&#8221;center&#8221; _builder_version=&#8221;3.17.2&#8243; custom_button=&#8221;on&#8221; button_text_color=&#8221;#ffffff&#8221; button_bg_color=&#8221;#489e1a&#8221; button_border_width=&#8221;3px&#8221; button_border_color=&#8221;#000000&#8243; button_border_radius=&#8221;23px&#8221; button_font=&#8221;Play|700|||||||&#8221; global_module=&#8221;312&#8243;][\/et_pb_button][\/et_pb_column][\/et_pb_row][\/et_pb_section][et_pb_section fb_built=&#8221;1&#8243; make_fullwidth=&#8221;on&#8221; use_custom_gutter=&#8221;on&#8221; gutter_width=&#8221;1&#8243; specialty=&#8221;on&#8221; background_color_1=&#8221;#609b17&#8243; padding_top_bottom_link_1=&#8221;true&#8221; padding_left_right_link_1=&#8221;true&#8221; padding_top_1=&#8221;15px&#8221; padding_right_1=&#8221;2vw&#8221; padding_bottom_1=&#8221;15px&#8221; padding_left_1=&#8221;2vw&#8221; padding_1_tablet=&#8221;|10%||10%||true&#8221; padding_1_last_edited=&#8221;on|desktop&#8221; admin_label=&#8221;Footer Section&#8221; _builder_version=&#8221;3.17.2&#8243; custom_padding=&#8221;0px||0px||true&#8221; global_module=&#8221;71&#8243;][et_pb_column type=&#8221;1_2&#8243; _builder_version=&#8221;3.0.47&#8243; padding_tablet=&#8221;|10%||10%||true&#8221; padding_tablet__hover=&#8221;|10%||10%||true&#8221; padding_last_edited=&#8221;on|desktop&#8221; padding_last_edited__hover=&#8221;on|desktop&#8221; padding_bottom=&#8221;15px&#8221; padding_bottom__hover=&#8221;15px&#8221; padding_left=&#8221;2vw&#8221; padding_left__hover=&#8221;2vw&#8221; padding_right=&#8221;2vw&#8221; padding_right__hover=&#8221;2vw&#8221; padding_top=&#8221;15px&#8221; padding_top__hover=&#8221;15px&#8221; background_color=&#8221;#609b17&#8243; background_color__hover=&#8221;#609b17&#8243; parallax=&#8221;off&#8221; parallax__hover=&#8221;off&#8221; parallax_method=&#8221;on&#8221; parallax_method__hover=&#8221;on&#8221;][et_pb_text _builder_version=&#8221;3.17.2&#8243; text_line_height=&#8221;1em&#8221; header_2_font=&#8221;Rubik|700|||||||&#8221; header_2_text_color=&#8221;#ffffff&#8221; header_2_font_size=&#8221;42px&#8221; header_2_font_size_phone=&#8221;36px&#8221; header_2_font_size_last_edited=&#8221;on|phone&#8221; header_2_line_height=&#8221;1.2em&#8221; custom_margin=&#8221;|||&#8221; custom_padding=&#8221;|||&#8221; locked=&#8221;off&#8221;]<\/p>\n<h3 style=\"color:white\">Napisz do nas:<\/h3>\n<p>[\/et_pb_text][et_pb_contact_form email=&#8221;phurolnikpiotrgrajko@wp.pl&#8221; custom_message=&#8221;Od: %%Imi\u0119_i_Nazwisko%% (%%Email%%)||et_pb_line_break_holder||||et_pb_line_break_holder||%%Wiadomo\u015b\u0107%%&#8221; submit_button_text=&#8221;Wy\u015blij&#8221; form_background_color=&#8221;#ffffff&#8221; module_id=&#8221;et_pb_contact_form_0&#8243; _builder_version=&#8221;3.17.2&#8243; form_field_line_height=&#8221;1.8em&#8221; form_field_line_height_last_edited=&#8221;off|&#8221; custom_button=&#8221;on&#8221; button_text_size=&#8221;14px&#8221; button_text_color=&#8221;#ffffff&#8221; button_border_width=&#8221;3px&#8221; button_border_radius=&#8221;0px&#8221; button_letter_spacing=&#8221;4px&#8221; button_font=&#8221;Rubik|700||on|||||&#8221; button_icon=&#8221;%%3%%&#8221; custom_margin=&#8221;10px||0px|&#8221; custom_margin_last_edited=&#8221;off|desktop&#8221; custom_css_main_element=&#8221;color:white;&#8221; locked=&#8221;off&#8221; button_text_color_hover=&#8221;#ffb400&#8243; button_bg_color_hover=&#8221;#ffffff&#8221; button_border_color_hover=&#8221;#ffffff&#8221;][et_pb_contact_field field_id=&#8221;Imi\u0119_i_Nazwisko&#8221; field_title=&#8221;Imi\u0119 i Nazwisko&#8221; _builder_version=&#8221;3.17.2&#8243; border_radii=&#8221;on||||&#8221; max_width=&#8221;90%&#8221; button_text_size__hover_enabled=&#8221;off&#8221; button_one_text_size__hover_enabled=&#8221;off&#8221; button_two_text_size__hover_enabled=&#8221;off&#8221; button_text_color__hover_enabled=&#8221;off&#8221; button_one_text_color__hover_enabled=&#8221;off&#8221; button_two_text_color__hover_enabled=&#8221;off&#8221; button_border_width__hover_enabled=&#8221;off&#8221; button_one_border_width__hover_enabled=&#8221;off&#8221; button_two_border_width__hover_enabled=&#8221;off&#8221; button_border_color__hover_enabled=&#8221;off&#8221; button_one_border_color__hover_enabled=&#8221;off&#8221; button_two_border_color__hover_enabled=&#8221;off&#8221; button_border_radius__hover_enabled=&#8221;off&#8221; button_one_border_radius__hover_enabled=&#8221;off&#8221; button_two_border_radius__hover_enabled=&#8221;off&#8221; button_letter_spacing__hover_enabled=&#8221;off&#8221; button_one_letter_spacing__hover_enabled=&#8221;off&#8221; button_two_letter_spacing__hover_enabled=&#8221;off&#8221; button_bg_color__hover_enabled=&#8221;off&#8221; button_one_bg_color__hover_enabled=&#8221;off&#8221; button_two_bg_color__hover_enabled=&#8221;off&#8221;][\/et_pb_contact_field][et_pb_contact_field field_id=&#8221;Email&#8221; field_title=&#8221;Email&#8221; field_type=&#8221;email&#8221; _builder_version=&#8221;3.17.2&#8243; button_text_size__hover_enabled=&#8221;off&#8221; button_one_text_size__hover_enabled=&#8221;off&#8221; button_two_text_size__hover_enabled=&#8221;off&#8221; button_text_color__hover_enabled=&#8221;off&#8221; button_one_text_color__hover_enabled=&#8221;off&#8221; button_two_text_color__hover_enabled=&#8221;off&#8221; button_border_width__hover_enabled=&#8221;off&#8221; button_one_border_width__hover_enabled=&#8221;off&#8221; button_two_border_width__hover_enabled=&#8221;off&#8221; button_border_color__hover_enabled=&#8221;off&#8221; button_one_border_color__hover_enabled=&#8221;off&#8221; button_two_border_color__hover_enabled=&#8221;off&#8221; button_border_radius__hover_enabled=&#8221;off&#8221; button_one_border_radius__hover_enabled=&#8221;off&#8221; button_two_border_radius__hover_enabled=&#8221;off&#8221; button_letter_spacing__hover_enabled=&#8221;off&#8221; button_one_letter_spacing__hover_enabled=&#8221;off&#8221; button_two_letter_spacing__hover_enabled=&#8221;off&#8221; button_bg_color__hover_enabled=&#8221;off&#8221; button_one_bg_color__hover_enabled=&#8221;off&#8221; button_two_bg_color__hover_enabled=&#8221;off&#8221;][\/et_pb_contact_field][et_pb_contact_field field_id=&#8221;Wiadomo\u015b\u0107&#8221; field_title=&#8221;Wiadomo\u015b\u0107&#8221; field_type=&#8221;text&#8221; fullwidth_field=&#8221;on&#8221; _builder_version=&#8221;3.17.2&#8243; border_radii=&#8221;on||||&#8221; button_text_size__hover_enabled=&#8221;off&#8221; button_one_text_size__hover_enabled=&#8221;off&#8221; button_two_text_size__hover_enabled=&#8221;off&#8221; button_text_color__hover_enabled=&#8221;off&#8221; button_one_text_color__hover_enabled=&#8221;off&#8221; button_two_text_color__hover_enabled=&#8221;off&#8221; button_border_width__hover_enabled=&#8221;off&#8221; button_one_border_width__hover_enabled=&#8221;off&#8221; button_two_border_width__hover_enabled=&#8221;off&#8221; button_border_color__hover_enabled=&#8221;off&#8221; button_one_border_color__hover_enabled=&#8221;off&#8221; button_two_border_color__hover_enabled=&#8221;off&#8221; button_border_radius__hover_enabled=&#8221;off&#8221; button_one_border_radius__hover_enabled=&#8221;off&#8221; button_two_border_radius__hover_enabled=&#8221;off&#8221; button_letter_spacing__hover_enabled=&#8221;off&#8221; button_one_letter_spacing__hover_enabled=&#8221;off&#8221; button_two_letter_spacing__hover_enabled=&#8221;off&#8221; button_bg_color__hover_enabled=&#8221;off&#8221; button_one_bg_color__hover_enabled=&#8221;off&#8221; button_two_bg_color__hover_enabled=&#8221;off&#8221;][\/et_pb_contact_field][\/et_pb_contact_form][\/et_pb_column][et_pb_column type=&#8221;1_2&#8243; specialty_columns=&#8221;2&#8243; _builder_version=&#8221;3.0.47&#8243; parallax=&#8221;off&#8221; parallax__hover=&#8221;off&#8221; parallax_method=&#8221;on&#8221; parallax_method__hover=&#8221;on&#8221;][et_pb_row_inner custom_padding=&#8221;80px|6vw|80px|6vw|true|true&#8221; custom_padding_tablet=&#8221;|3vw||3vw||true&#8221; custom_padding_last_edited=&#8221;on|desktop&#8221; _builder_version=&#8221;3.9&#8243;][et_pb_column_inner type=&#8221;4_4&#8243; saved_specialty_column_type=&#8221;1_2&#8243; _builder_version=&#8221;3.0.47&#8243; parallax=&#8221;off&#8221; parallax__hover=&#8221;off&#8221; parallax_method=&#8221;on&#8221; parallax_method__hover=&#8221;on&#8221;][et_pb_blurb title=&#8221;PHU %22ROLNIK%22 Piotr Grajko&#8221; use_icon=&#8221;on&#8221; font_icon=&#8221;%%149%%&#8221; icon_color=&#8221;#666666&#8243; icon_placement=&#8221;left&#8221; content_max_width=&#8221;1100px&#8221; use_icon_font_size=&#8221;on&#8221; icon_font_size=&#8221;18px&#8221; _builder_version=&#8221;3.17.2&#8243; header_font=&#8221;Rubik||||||||&#8221; header_font_size=&#8221;16px&#8221; header_line_height=&#8221;1.2em&#8221; body_font=&#8221;||||||||&#8221; module_alignment=&#8221;center&#8221; custom_margin=&#8221;||20px|&#8221; animation=&#8221;off&#8221; locked=&#8221;off&#8221;]<\/p>\n<p>NIP 543-121-86-05<\/p>\n<p>[\/et_pb_blurb][et_pb_blurb title=&#8221;ul. \u017bwirki i Wigury 73&lt;br \/&gt;17-100 Bielsk Podlaski&#8221; use_icon=&#8221;on&#8221; font_icon=&#8221;%%249%%&#8221; icon_color=&#8221;#666666&#8243; icon_placement=&#8221;left&#8221; content_max_width=&#8221;1100px&#8221; use_icon_font_size=&#8221;on&#8221; icon_font_size=&#8221;18px&#8221; _builder_version=&#8221;3.17.2&#8243; header_font=&#8221;Rubik||||||||&#8221; header_font_size=&#8221;16px&#8221; header_line_height=&#8221;1.2em&#8221; module_alignment=&#8221;center&#8221; custom_margin=&#8221;||20px|&#8221; animation=&#8221;off&#8221; locked=&#8221;off&#8221;][\/et_pb_blurb][et_pb_blurb title=&#8221;Telefon: 509 189 561&#8243; use_icon=&#8221;on&#8221; font_icon=&#8221;%%264%%&#8221; icon_color=&#8221;#666666&#8243; icon_placement=&#8221;left&#8221; content_max_width=&#8221;1100px&#8221; use_icon_font_size=&#8221;on&#8221; icon_font_size=&#8221;18px&#8221; _builder_version=&#8221;3.17.2&#8243; header_font=&#8221;Rubik||||||||&#8221; header_font_size=&#8221;16px&#8221; header_line_height=&#8221;1.2em&#8221; body_font=&#8221;||||||||&#8221; module_alignment=&#8221;center&#8221; custom_margin=&#8221;||20px|&#8221; animation=&#8221;off&#8221; locked=&#8221;off&#8221;][\/et_pb_blurb][et_pb_blurb title=&#8221;Godziny otwarcia:&#8221; use_icon=&#8221;on&#8221; font_icon=&#8221;%%227%%&#8221; icon_color=&#8221;#666666&#8243; icon_placement=&#8221;left&#8221; content_max_width=&#8221;1100px&#8221; use_icon_font_size=&#8221;on&#8221; icon_font_size=&#8221;18px&#8221; _builder_version=&#8221;3.17.2&#8243; header_font=&#8221;Rubik||||||||&#8221; header_font_size=&#8221;16px&#8221; header_line_height=&#8221;1.2em&#8221; body_font=&#8221;||||||||&#8221; module_alignment=&#8221;center&#8221; custom_margin=&#8221;||20px|&#8221; animation=&#8221;off&#8221; locked=&#8221;off&#8221;]<\/p>\n<p>Poniedzia\u0142ek &#8211; pi\u0105tek 7:30-16:30<br \/>Sobota 8:00-13:00<\/p>\n<p>[\/et_pb_blurb][\/et_pb_column_inner][\/et_pb_row_inner][\/et_pb_column][\/et_pb_section][et_pb_section fb_built=&#8221;1&#8243; fullwidth=&#8221;on&#8221; _builder_version=&#8221;3.17.2&#8243; global_module=&#8221;72&#8243;][et_pb_fullwidth_code _builder_version=&#8221;3.17.2&#8243;]&lt;iframe src=&quot;https:\/\/www.google.com\/maps\/embed?pb=!1m18!1m12!1m3!1d2413.380428672683!2d23.178819215817185!3d52.77944787986411!2m3!1f0!2f0!3f0!3m2!1i1024!2i768!4f13.1!3m3!1m2!1s0x472023c17f55f369%3A0xbd77a428c4f09529!2s%C5%BBwirki+i+Wigury+73%2C+43-300+Bielsk+Podlaski!5e0!3m2!1spl!2spl!4v1541163838073&quot; width=&quot;2500&quot; height=&quot;400&quot; frameborder=&quot;0&quot; style=&quot;border:0&quot; allowfullscreen&gt;&lt;\/iframe&gt;[\/et_pb_fullwidth_code][\/et_pb_section]<\/p>\n","protected":false},"excerpt":{"rendered":"<p>AGREGAT UPRAWOWO-SIEWNY TALERZOWY GRANO Agregat uprawowo-siewny talerzowy Grano System SHARK 3,0 Agregat talerzowy s\u0142u\u017cy do spulchniania i kruszenia gleby; mo\u017cna nim wykonywa\u0107 podorywk\u0119 \u015bciernisk. Znajduje r\u00f3wnie\u017c zastosowanie przy mieszaniu nawoz\u00f3w mineralnych i resztek ro\u015blinnych z gleb\u0105. Maszyna wyst\u0119puje w dw\u00f3ch szeroko\u015bciach roboczych. Narz\u0119dzia robocze agregatu talerzowego SHARK &#8211; talerze posiadaj\u0105 zabezpieczenie przeci\u0105\u017ceniowe w postaci amortyzator\u00f3w [&hellip;]<\/p>\n","protected":false},"author":1,"featured_media":0,"parent":0,"menu_order":0,"comment_status":"closed","ping_status":"closed","template":"","meta":{"_et_pb_use_builder":"on","_et_pb_old_content":"","_et_gb_content_width":"","footnotes":""},"class_list":["post-151","page","type-page","status-publish","hentry"],"_links":{"self":[{"href":"https:\/\/phurolnik.pl\/index.php\/wp-json\/wp\/v2\/pages\/151"}],"collection":[{"href":"https:\/\/phurolnik.pl\/index.php\/wp-json\/wp\/v2\/pages"}],"about":[{"href":"https:\/\/phurolnik.pl\/index.php\/wp-json\/wp\/v2\/types\/page"}],"author":[{"embeddable":true,"href":"https:\/\/phurolnik.pl\/index.php\/wp-json\/wp\/v2\/users\/1"}],"replies":[{"embeddable":true,"href":"https:\/\/phurolnik.pl\/index.php\/wp-json\/wp\/v2\/comments?post=151"}],"version-history":[{"count":0,"href":"https:\/\/phurolnik.pl\/index.php\/wp-json\/wp\/v2\/pages\/151\/revisions"}],"wp:attachment":[{"href":"https:\/\/phurolnik.pl\/index.php\/wp-json\/wp\/v2\/media?parent=151"}],"curies":[{"name":"wp","href":"https:\/\/api.w.org\/{rel}","templated":true}]}}